{"id":13570,"date":"2021-01-16T18:07:29","date_gmt":"2021-01-16T17:07:29","guid":{"rendered":"http:\/\/thechill.at.w01c5332.kasserver.com\/?page_id=13570"},"modified":"2025-04-16T21:56:47","modified_gmt":"2025-04-16T19:56:47","slug":"the-chill-report-team","status":"publish","type":"page","link":"https:\/\/thechillreport.com\/en\/the-chill-report-team\/","title":{"rendered":"The Chill Report Team"},"content":{"rendered":"\t<div class=\"cnvs-block-section cnvs-block-section-1610717664779 cnvs-block-section-layout-full cnvs-block-section-fullwidth\" >\n\t\t<div class=\"cnvs-block-section-outer\" style=\"max-width: 1200px;\">\n\t\t\t<div class=\"cnvs-block-section-inner\">\n\t\t\t\t\n\n<div class=\"cnvs-block-section-content cnvs-block-section-content-1610717666782\" >\n\t<div class=\"cnvs-block-section-content-inner\">\n\t\t\n\n<p>Was ist the Chill Report? Wer ist the Chill Report? Das the Chill Report Team ist jedenfalls ein kleines, feines und ausgew\u00e4hltes. Die meisten Texte stammen direkt von der Chefredakteurin Claudia Hilmbauer pers\u00f6nlich. Manche Texte kommen auch von Kolleg:innen, die aufgrund anderer Verpflichtungen hier lieber mit einem Pseudonym und ohne Foto ihren Beitrag leisten. Dann geh\u00f6ren zum The Chill Report Team aber ja auch noch Menschen, die sich um Ideenfindung, Grafik, Social Media k\u00fcmmern. Auch denen sei an dieser Stelle gr\u00f6\u00dfter Dank ausgesprochen. Was wir euch versprechen k\u00f6nnen: jede und jeder, der hier schreibt, hat jahrelange Erfahrung auf seinem Gebiet und f\u00fchlt sich journalistischen Standards verpflichtet. Wir sind kein Blog. Wir sind keine Influencer. Wir geben fundierte Auskunft dar\u00fcber, was ist, wie es ist und: wie eben nicht. Denn unsere Leser:innen sollen sich selbst eine Meinung bilden k\u00f6nnen. Hier schreiben unter anderem (in willk\u00fcrlicher Reihenfolge):<\/p>\n\n\t<\/div>\n<\/div>\n\n\t\t\t<\/div>\n\t\t<\/div>\n\t<\/div>\n\n\t\n\n\n<h2 id=\"unser-team\" class=\"cnvs-block-section-heading cnvs-block-section-heading-1616672448624 is-style-cnvs-block-section-heading-4 halignleft\" >\n\t<span class=\"cnvs-section-title\">\n\t\t<span>Unser Team<\/span>\n\t<\/span>\n<\/h2>\n\n\n\n<div class=\"wp-block-media-text alignwide is-stacked-on-mobile\" style=\"grid-template-columns:40% auto\"><figure class=\"wp-block-media-text__media\"><img fetchpriority=\"high\" decoding=\"async\" width=\"1160\" height=\"1117\" src=\"https:\/\/thechillreport.com\/wp-content\/uploads\/2020\/10\/wp-1603744796475-e1603745005893-1160x1117.jpg\" alt=\"Autoren Chill Report\" class=\"wp-image-8309 size-full\" srcset=\"https:\/\/thechillreport.com\/wp-content\/uploads\/2020\/10\/wp-1603744796475-e1603745005893-1160x1117.jpg 1160w, https:\/\/thechillreport.com\/wp-content\/uploads\/2020\/10\/wp-1603744796475-e1603745005893-560x539.jpg 560w, https:\/\/thechillreport.com\/wp-content\/uploads\/2020\/10\/wp-1603744796475-e1603745005893-800x771.jpg 800w, https:\/\/thechillreport.com\/wp-content\/uploads\/2020\/10\/wp-1603744796475-e1603745005893-320x308.jpg 320w, https:\/\/thechillreport.com\/wp-content\/uploads\/2020\/10\/wp-1603744796475-e1603745005893.jpg 1440w\" sizes=\"(max-width: 1160px) 100vw, 1160px\" \/><\/figure><div class=\"wp-block-media-text__content\">\n<h2 id=\"claudia-hilmbauer\" class=\"wp-block-heading has-large-font-size\">Claudia Hilmbauer<\/h2>\n\n\n\n<p>Die Chefredakteurin und Herausgeberin des Chill Report liebt das Ungew\u00f6hnliche, ist neugierig und lacht f\u00fcr ihr Leben gern. KollegInnen behaupten, sie sei unkompliziert &#8211; ob das ihr Freund auch so sieht, bleibt dahingestellt. Die Meistens-Vegetarierin mit einer Vorliebe f\u00fcr Speck treibt sich auf der ganzen Welt rum, liebt Luxus genauso wie Ecken, in die sonst keiner schauen mag und ist immer neugierig auf spannende Geschichten aus dem Alltag. Manchmal hat sie das Gef\u00fchl, selbst in einer Art Roman (oder in der Matrix) unterwegs zu sein. Wenn sie nicht grad unterwegs ist, plant sie eine Reise oder schreibt dar\u00fcber. Zu ihren anderen Projekten geht es hier: <a href=\"http:\/\/www.chillmedia.at\" target=\"_blank\" rel=\"noreferrer noopener\">www.chillmedia.at<\/a><\/p>\n<\/div><\/div>\n\n\n\n<ul class=\"wp-block-social-links aligncenter is-style-logos-only is-layout-flex wp-block-social-links-is-layout-flex\"><li class=\"wp-social-link wp-social-link-facebook  wp-block-social-link\"><a rel=\"noopener nofollow\" target=\"_blank\" href=\"https:\/\/www.facebook.com\/claudiahilmbauerofficial\/\" title=\"Facebook\" class=\"wp-block-social-link-anchor\"><svg width=\"24\" height=\"24\" viewBox=\"0 0 24 24\" version=\"1.1\" xmlns=\"http:\/\/www.w3.org\/2000\/svg\" aria-hidden=\"true\" focusable=\"false\"><path d=\"M12 2C6.5 2 2 6.5 2 12c0 5 3.7 9.1 8.4 9.9v-7H7.9V12h2.5V9.8c0-2.5 1.5-3.9 3.8-3.9 1.1 0 2.2.2 2.2.2v2.5h-1.3c-1.2 0-1.6.8-1.6 1.6V12h2.8l-.4 2.9h-2.3v7C18.3 21.1 22 17 22 12c0-5.5-4.5-10-10-10z\"><\/path><\/svg><span class=\"wp-block-social-link-label screen-reader-text\">Facebook<\/span><\/a><\/li>\n\n<li class=\"wp-social-link wp-social-link-instagram  wp-block-social-link\"><a rel=\"noopener nofollow\" target=\"_blank\" href=\"https:\/\/www.instagram.com\/chillreporterin\/\" title=\"Instagram\" class=\"wp-block-social-link-anchor\"><svg width=\"24\" height=\"24\" viewBox=\"0 0 24 24\" version=\"1.1\" xmlns=\"http:\/\/www.w3.org\/2000\/svg\" aria-hidden=\"true\" focusable=\"false\"><path d=\"M12,4.622c2.403,0,2.688,0.009,3.637,0.052c0.877,0.04,1.354,0.187,1.671,0.31c0.42,0.163,0.72,0.358,1.035,0.673 c0.315,0.315,0.51,0.615,0.673,1.035c0.123,0.317,0.27,0.794,0.31,1.671c0.043,0.949,0.052,1.234,0.052,3.637 s-0.009,2.688-0.052,3.637c-0.04,0.877-0.187,1.354-0.31,1.671c-0.163,0.42-0.358,0.72-0.673,1.035 c-0.315,0.315-0.615,0.51-1.035,0.673c-0.317,0.123-0.794,0.27-1.671,0.31c-0.949,0.043-1.233,0.052-3.637,0.052 s-2.688-0.009-3.637-0.052c-0.877-0.04-1.354-0.187-1.671-0.31c-0.42-0.163-0.72-0.358-1.035-0.673 c-0.315-0.315-0.51-0.615-0.673-1.035c-0.123-0.317-0.27-0.794-0.31-1.671C4.631,14.688,4.622,14.403,4.622,12 s0.009-2.688,0.052-3.637c0.04-0.877,0.187-1.354,0.31-1.671c0.163-0.42,0.358-0.72,0.673-1.035 c0.315-0.315,0.615-0.51,1.035-0.673c0.317-0.123,0.794-0.27,1.671-0.31C9.312,4.631,9.597,4.622,12,4.622 M12,3 C9.556,3,9.249,3.01,8.289,3.054C7.331,3.098,6.677,3.25,6.105,3.472C5.513,3.702,5.011,4.01,4.511,4.511 c-0.5,0.5-0.808,1.002-1.038,1.594C3.25,6.677,3.098,7.331,3.054,8.289C3.01,9.249,3,9.556,3,12c0,2.444,0.01,2.751,0.054,3.711 c0.044,0.958,0.196,1.612,0.418,2.185c0.23,0.592,0.538,1.094,1.038,1.594c0.5,0.5,1.002,0.808,1.594,1.038 c0.572,0.222,1.227,0.375,2.185,0.418C9.249,20.99,9.556,21,12,21s2.751-0.01,3.711-0.054c0.958-0.044,1.612-0.196,2.185-0.418 c0.592-0.23,1.094-0.538,1.594-1.038c0.5-0.5,0.808-1.002,1.038-1.594c0.222-0.572,0.375-1.227,0.418-2.185 C20.99,14.751,21,14.444,21,12s-0.01-2.751-0.054-3.711c-0.044-0.958-0.196-1.612-0.418-2.185c-0.23-0.592-0.538-1.094-1.038-1.594 c-0.5-0.5-1.002-0.808-1.594-1.038c-0.572-0.222-1.227-0.375-2.185-0.418C14.751,3.01,14.444,3,12,3L12,3z M12,7.378 c-2.552,0-4.622,2.069-4.622,4.622S9.448,16.622,12,16.622s4.622-2.069,4.622-4.622S14.552,7.378,12,7.378z M12,15 c-1.657,0-3-1.343-3-3s1.343-3,3-3s3,1.343,3,3S13.657,15,12,15z M16.804,6.116c-0.596,0-1.08,0.484-1.08,1.08 s0.484,1.08,1.08,1.08c0.596,0,1.08-0.484,1.08-1.08S17.401,6.116,16.804,6.116z\"><\/path><\/svg><span class=\"wp-block-social-link-label screen-reader-text\">Instagram<\/span><\/a><\/li>\n\n<li class=\"wp-social-link wp-social-link-linkedin  wp-block-social-link\"><a rel=\"noopener nofollow\" target=\"_blank\" href=\"https:\/\/www.linkedin.com\/in\/claudia-hilmbauer-561920193\/\" title=\"Linkedin\" class=\"wp-block-social-link-anchor\"><svg width=\"24\" height=\"24\" viewBox=\"0 0 24 24\" version=\"1.1\" xmlns=\"http:\/\/www.w3.org\/2000\/svg\" aria-hidden=\"true\" focusable=\"false\"><path d=\"M19.7,3H4.3C3.582,3,3,3.582,3,4.3v15.4C3,20.418,3.582,21,4.3,21h15.4c0.718,0,1.3-0.582,1.3-1.3V4.3 C21,3.582,20.418,3,19.7,3z M8.339,18.338H5.667v-8.59h2.672V18.338z M7.004,8.574c-0.857,0-1.549-0.694-1.549-1.548 c0-0.855,0.691-1.548,1.549-1.548c0.854,0,1.547,0.694,1.547,1.548C8.551,7.881,7.858,8.574,7.004,8.574z M18.339,18.338h-2.669 v-4.177c0-0.996-0.017-2.278-1.387-2.278c-1.389,0-1.601,1.086-1.601,2.206v4.249h-2.667v-8.59h2.559v1.174h0.037 c0.356-0.675,1.227-1.387,2.526-1.387c2.703,0,3.203,1.779,3.203,4.092V18.338z\"><\/path><\/svg><span class=\"wp-block-social-link-label screen-reader-text\">LinkedIn<\/span><\/a><\/li>\n\n<li class=\"wp-social-link wp-social-link-telegram  wp-block-social-link\"><a rel=\"noopener nofollow\" target=\"_blank\" href=\"https:\/\/t.me\/chillreporterin\" title=\"T\" class=\"wp-block-social-link-anchor\"><svg width=\"24\" height=\"24\" viewBox=\"0 0 128 128\" version=\"1.1\" xmlns=\"http:\/\/www.w3.org\/2000\/svg\" aria-hidden=\"true\" focusable=\"false\"><path d=\"M28.9700376,63.3244248 C47.6273373,55.1957357 60.0684594,49.8368063 66.2934036,47.2476366 C84.0668845,39.855031 87.7600616,38.5708563 90.1672227,38.528 C90.6966555,38.5191258 91.8804274,38.6503351 92.6472251,39.2725385 C93.294694,39.7979149 93.4728387,40.5076237 93.5580865,41.0057381 C93.6433345,41.5038525 93.7494885,42.63857 93.6651041,43.5252052 C92.7019529,53.6451182 88.5344133,78.2034783 86.4142057,89.5379542 C85.5170662,94.3339958 83.750571,95.9420841 82.0403991,96.0994568 C78.3237996,96.4414641 75.5015827,93.6432685 71.9018743,91.2836143 C66.2690414,87.5912212 63.0868492,85.2926952 57.6192095,81.6896017 C51.3004058,77.5256038 55.3966232,75.2369981 58.9976911,71.4967761 C59.9401076,70.5179421 76.3155302,55.6232293 76.6324771,54.2720454 C76.6721165,54.1030573 76.7089039,53.4731496 76.3346867,53.1405352 C75.9604695,52.8079208 75.4081573,52.921662 75.0095933,53.0121213 C74.444641,53.1403447 65.4461175,59.0880351 48.0140228,70.8551922 C45.4598218,72.6091037 43.1463059,73.4636682 41.0734751,73.4188859 C38.7883453,73.3695169 34.3926725,72.1268388 31.1249416,71.0646282 C27.1169366,69.7617838 23.931454,69.0729605 24.208838,66.8603276 C24.3533167,65.7078514 25.9403832,64.5292172 28.9700376,63.3244248 Z\" \/><\/svg><span class=\"wp-block-social-link-label screen-reader-text\">Telegram<\/span><\/a><\/li>\n\n<li class=\"wp-social-link wp-social-link-twitter  wp-block-social-link\"><a rel=\"noopener nofollow\" target=\"_blank\" href=\"https:\/\/twitter.com\/chillreporterin\" title=\"Twitter\" class=\"wp-block-social-link-anchor\"><svg width=\"24\" height=\"24\" viewBox=\"0 0 24 24\" version=\"1.1\" xmlns=\"http:\/\/www.w3.org\/2000\/svg\" aria-hidden=\"true\" focusable=\"false\"><path d=\"M22.23,5.924c-0.736,0.326-1.527,0.547-2.357,0.646c0.847-0.508,1.498-1.312,1.804-2.27 c-0.793,0.47-1.671,0.812-2.606,0.996C18.324,4.498,17.257,4,16.077,4c-2.266,0-4.103,1.837-4.103,4.103 c0,0.322,0.036,0.635,0.106,0.935C8.67,8.867,5.647,7.234,3.623,4.751C3.27,5.357,3.067,6.062,3.067,6.814 c0,1.424,0.724,2.679,1.825,3.415c-0.673-0.021-1.305-0.206-1.859-0.513c0,0.017,0,0.034,0,0.052c0,1.988,1.414,3.647,3.292,4.023 c-0.344,0.094-0.707,0.144-1.081,0.144c-0.264,0-0.521-0.026-0.772-0.074c0.522,1.63,2.038,2.816,3.833,2.85 c-1.404,1.1-3.174,1.756-5.096,1.756c-0.331,0-0.658-0.019-0.979-0.057c1.816,1.164,3.973,1.843,6.29,1.843 c7.547,0,11.675-6.252,11.675-11.675c0-0.178-0.004-0.355-0.012-0.531C20.985,7.47,21.68,6.747,22.23,5.924z\"><\/path><\/svg><span class=\"wp-block-social-link-label screen-reader-text\">Twitter<\/span><\/a><\/li>\n\n<li class=\"wp-social-link wp-social-link-mail  wp-block-social-link\"><a rel=\"noopener nofollow\" target=\"_blank\" href=\"mailto:&#099;&#108;&#097;&#117;&#100;i&#097;&#064;chillme&#100;ia.&#097;t\" class=\"wp-block-social-link-anchor\"><svg width=\"24\" height=\"24\" viewBox=\"0 0 24 24\" version=\"1.1\" xmlns=\"http:\/\/www.w3.org\/2000\/svg\" aria-hidden=\"true\" focusable=\"false\"><path d=\"M19,5H5c-1.1,0-2,.9-2,2v10c0,1.1.9,2,2,2h14c1.1,0,2-.9,2-2V7c0-1.1-.9-2-2-2zm.5,12c0,.3-.2.5-.5.5H5c-.3,0-.5-.2-.5-.5V9.8l7.5,5.6,7.5-5.6V17zm0-9.1L12,13.6,4.5,7.9V7c0-.3.2-.5.5-.5h14c.3,0,.5.2.5.5v.9z\"><\/path><\/svg><span class=\"wp-block-social-link-label screen-reader-text\">Mail<\/span><\/a><\/li><\/ul>\n\n\n\n<hr class=\"wp-block-separator has-css-opacity is-cnvs-separator-id-1620122373006\"\/>\n\n\n\n<div class=\"wp-block-media-text alignwide is-stacked-on-mobile\" style=\"grid-template-columns:43% auto\"><figure class=\"wp-block-media-text__media\"><img decoding=\"async\" src=\"https:\/\/thechillreport.com\/wp-content\/uploads\/2021\/05\/IMG_20201025_142705-1-1160x870.jpg\" alt=\"Conny Derdak Chill Report Team\" class=\"wp-image-10126 size-full\"\/><\/figure><div class=\"wp-block-media-text__content\">\n<h2 id=\"conny-derdak\" class=\"wp-block-heading has-large-font-size\">Conny Derdak<\/h2>\n\n\n\n<p>Die freie Journalistin lebt daf\u00fcr, die Welt und ihre BewohnerInnen in all ihren Facetten kennenzulernen \u2013 und ihre Eindr\u00fccke mit Gleichgesinnten zu teilen. Sie liebt Palmen und W\u00e4lder, das Meer und den See, Luxus und Outback, Gro\u00dfstadt und Dschungel, Wachauer Wein und Kokoswasser, Tafelspitz und Biltong. In ihrer Heimat \u00d6sterreich ist ihr Herz tief verwurzelt, doch ihr Geist strebt stets nach Rendezvous mit fremden Kulturen, neuen Sprachen und ferner Kulinarik.<\/p>\n<\/div><\/div>\n\n\n\n<p class=\"has-text-align-center\"><strong>Folgen<\/strong>:<\/p>\n\n\n\n<ul class=\"wp-block-social-links aligncenter is-style-logos-only is-layout-flex wp-block-social-links-is-layout-flex\"><li class=\"wp-social-link wp-social-link-linkedin  wp-block-social-link\"><a rel=\"noopener nofollow\" target=\"_blank\" href=\"https:\/\/www.linkedin.com\/in\/conny-derdak-ba98ab75\/\" title=\"Linkedin\" class=\"wp-block-social-link-anchor\"><svg width=\"24\" height=\"24\" viewBox=\"0 0 24 24\" version=\"1.1\" xmlns=\"http:\/\/www.w3.org\/2000\/svg\" aria-hidden=\"true\" focusable=\"false\"><path d=\"M19.7,3H4.3C3.582,3,3,3.582,3,4.3v15.4C3,20.418,3.582,21,4.3,21h15.4c0.718,0,1.3-0.582,1.3-1.3V4.3 C21,3.582,20.418,3,19.7,3z M8.339,18.338H5.667v-8.59h2.672V18.338z M7.004,8.574c-0.857,0-1.549-0.694-1.549-1.548 c0-0.855,0.691-1.548,1.549-1.548c0.854,0,1.547,0.694,1.547,1.548C8.551,7.881,7.858,8.574,7.004,8.574z M18.339,18.338h-2.669 v-4.177c0-0.996-0.017-2.278-1.387-2.278c-1.389,0-1.601,1.086-1.601,2.206v4.249h-2.667v-8.59h2.559v1.174h0.037 c0.356-0.675,1.227-1.387,2.526-1.387c2.703,0,3.203,1.779,3.203,4.092V18.338z\"><\/path><\/svg><span class=\"wp-block-social-link-label screen-reader-text\">LinkedIn<\/span><\/a><\/li><\/ul>\n\n\n\n<hr class=\"wp-block-separator has-css-opacity is-cnvs-separator-id-1620122373006\"\/>\n\n\n\n<div class=\"wp-block-media-text alignwide has-media-on-the-right is-stacked-on-mobile\" style=\"grid-template-columns:auto 43%\"><div class=\"wp-block-media-text__content\">\n<h2 id=\"sebastian-purschke\" class=\"wp-block-heading has-large-font-size\">Sebastian Purschke<\/h2>\n\n\n\n<p>Er liebt es, unterwegs zu sein. Und dennoch kennt er seine Heimatstadt Wien wie seine Westentasche. Also, w\u00fcrde er Westen tragen. Zwar ist er in der Welt zuhause und immer f\u00fcr Neues zu haben, aber Sebastian ist ein Wiener Original, das massig Erfahrung an beiden Enden der Gabel und auf beiden Seiten des Bartresens gesammelt hat. Er wei\u00df, was es bedeutet, in der Gastronomie zu arbeiten. Und Gast zu sein. Das, ein Humor, der trockener ist als ein guter Martini und sein leidenschaftlicher Hass mayonnaisebasierten Saucen gegen\u00fcber machen ihn zu unserem perfekten Mann an der F&amp;B-Front. <\/p>\n<\/div><figure class=\"wp-block-media-text__media\"><img decoding=\"async\" width=\"766\" height=\"765\" src=\"https:\/\/thechillreport.com\/wp-content\/uploads\/2021\/07\/WhatsApp-Image-2021-07-06-at-17.13.10-1.jpeg\" alt=\"\" class=\"wp-image-10636 size-full\" srcset=\"https:\/\/thechillreport.com\/wp-content\/uploads\/2021\/07\/WhatsApp-Image-2021-07-06-at-17.13.10-1.jpeg 766w, https:\/\/thechillreport.com\/wp-content\/uploads\/2021\/07\/WhatsApp-Image-2021-07-06-at-17.13.10-1-560x560.jpeg 560w, https:\/\/thechillreport.com\/wp-content\/uploads\/2021\/07\/WhatsApp-Image-2021-07-06-at-17.13.10-1-96x96.jpeg 96w, https:\/\/thechillreport.com\/wp-content\/uploads\/2021\/07\/WhatsApp-Image-2021-07-06-at-17.13.10-1-42x42.jpeg 42w, https:\/\/thechillreport.com\/wp-content\/uploads\/2021\/07\/WhatsApp-Image-2021-07-06-at-17.13.10-1-80x80.jpeg 80w, https:\/\/thechillreport.com\/wp-content\/uploads\/2021\/07\/WhatsApp-Image-2021-07-06-at-17.13.10-1-120x120.jpeg 120w, https:\/\/thechillreport.com\/wp-content\/uploads\/2021\/07\/WhatsApp-Image-2021-07-06-at-17.13.10-1-90x90.jpeg 90w, https:\/\/thechillreport.com\/wp-content\/uploads\/2021\/07\/WhatsApp-Image-2021-07-06-at-17.13.10-1-320x320.jpeg 320w\" sizes=\"(max-width: 766px) 100vw, 766px\" \/><\/figure><\/div>\n\n\n\n<div style=\"height:88px\" aria-hidden=\"true\" class=\"wp-block-spacer\"><\/div>\n\n\n\n<p><\/p>\n","protected":false},"excerpt":{"rendered":"Claudia Hilmbauer Die Chefredakteurin und Herausgeberin des Chill Report liebt das Ungew\u00f6hnliche, ist neugierig und lacht f\u00fcr ihr&hellip;","protected":false},"author":14,"featured_media":9121,"parent":0,"menu_order":0,"comment_status":"closed","ping_status":"closed","template":"template-canvas-fullwidth.php","meta":{"csco_display_header_overlay":false,"csco_singular_sidebar":"","csco_page_header_type":"default","csco_page_load_nextpost":"","csco_post_video_location":[],"csco_post_video_location_hash":"","csco_post_video_url":"","csco_post_video_bg_start_time":0,"csco_post_video_bg_end_time":0,"footnotes":""},"class_list":{"0":"post-13570","1":"page","2":"type-page","3":"status-publish","4":"has-post-thumbnail","6":"cs-entry","7":"cs-video-wrap"},"yoast_head":"<!-- This site is optimized with the Yoast SEO plugin v26.4 - https:\/\/yoast.com\/wordpress\/plugins\/seo\/ -->\n<title>The Chill Report Team Vorstellung - The Chill Report<\/title>\n<meta name=\"description\" content=\"Das The Chill Report Team besteht aus vielen verschiedenen Menschen, die alle Experten oder Expertinnen auf ihrem Gebiet - dem Reisen - sind.\" \/>\n<meta name=\"robots\" content=\"index, follow, max-snippet:-1, max-image-preview:large, max-video-preview:-1\" \/>\n<link rel=\"canonical\" href=\"https:\/\/thechillreport.com\/en\/the-chill-report-team\/\" \/>\n<meta property=\"og:locale\" content=\"en_US\" \/>\n<meta property=\"og:type\" content=\"article\" \/>\n<meta property=\"og:title\" content=\"The Chill Report Team Vorstellung - The Chill Report\" \/>\n<meta property=\"og:description\" content=\"Das The Chill Report Team besteht aus vielen verschiedenen Menschen, die alle Experten oder Expertinnen auf ihrem Gebiet - dem Reisen - sind.\" \/>\n<meta property=\"og:url\" content=\"https:\/\/thechillreport.com\/en\/the-chill-report-team\/\" \/>\n<meta property=\"og:site_name\" content=\"The Chill Report\" \/>\n<meta property=\"article:modified_time\" content=\"2025-04-16T19:56:47+00:00\" \/>\n<meta property=\"og:image\" content=\"https:\/\/thechillreport.com\/wp-content\/uploads\/2021\/01\/people-749564_1280.jpg\" \/>\n\t<meta property=\"og:image:width\" content=\"1280\" \/>\n\t<meta property=\"og:image:height\" content=\"960\" \/>\n\t<meta property=\"og:image:type\" content=\"image\/jpeg\" \/>\n<meta name=\"twitter:card\" content=\"summary_large_image\" \/>\n<meta name=\"twitter:label1\" content=\"Est. reading time\" \/>\n\t<meta name=\"twitter:data1\" content=\"4 minutes\" \/>\n<!-- \/ Yoast SEO plugin. -->","yoast_head_json":{"title":"The Chill Report Team Vorstellung - The Chill Report","description":"Das The Chill Report Team besteht aus vielen verschiedenen Menschen, die alle Experten oder Expertinnen auf ihrem Gebiet - dem Reisen - sind.","robots":{"index":"index","follow":"follow","max-snippet":"max-snippet:-1","max-image-preview":"max-image-preview:large","max-video-preview":"max-video-preview:-1"},"canonical":"https:\/\/thechillreport.com\/en\/the-chill-report-team\/","og_locale":"en_US","og_type":"article","og_title":"The Chill Report Team Vorstellung - The Chill Report","og_description":"Das The Chill Report Team besteht aus vielen verschiedenen Menschen, die alle Experten oder Expertinnen auf ihrem Gebiet - dem Reisen - sind.","og_url":"https:\/\/thechillreport.com\/en\/the-chill-report-team\/","og_site_name":"The Chill Report","article_modified_time":"2025-04-16T19:56:47+00:00","og_image":[{"width":1280,"height":960,"url":"https:\/\/thechillreport.com\/wp-content\/uploads\/2021\/01\/people-749564_1280.jpg","type":"image\/jpeg"}],"twitter_card":"summary_large_image","twitter_misc":{"Est. reading time":"4 minutes"},"schema":{"@context":"https:\/\/schema.org","@graph":[{"@type":"WebPage","@id":"https:\/\/thechillreport.com\/en\/the-chill-report-team\/","url":"https:\/\/thechillreport.com\/en\/the-chill-report-team\/","name":"The Chill Report Team Vorstellung - The Chill Report","isPartOf":{"@id":"https:\/\/thechillreport.com\/en\/#website"},"primaryImageOfPage":{"@id":"https:\/\/thechillreport.com\/en\/the-chill-report-team\/#primaryimage"},"image":{"@id":"https:\/\/thechillreport.com\/en\/the-chill-report-team\/#primaryimage"},"thumbnailUrl":"https:\/\/thechillreport.com\/wp-content\/uploads\/2021\/01\/people-749564_1280.jpg","datePublished":"2021-01-16T17:07:29+00:00","dateModified":"2025-04-16T19:56:47+00:00","description":"Das The Chill Report Team besteht aus vielen verschiedenen Menschen, die alle Experten oder Expertinnen auf ihrem Gebiet - dem Reisen - sind.","inLanguage":"en-US","potentialAction":[{"@type":"ReadAction","target":["https:\/\/thechillreport.com\/en\/the-chill-report-team\/"]}]},{"@type":"ImageObject","inLanguage":"en-US","@id":"https:\/\/thechillreport.com\/en\/the-chill-report-team\/#primaryimage","url":"https:\/\/thechillreport.com\/wp-content\/uploads\/2021\/01\/people-749564_1280.jpg","contentUrl":"https:\/\/thechillreport.com\/wp-content\/uploads\/2021\/01\/people-749564_1280.jpg","width":1280,"height":960,"caption":"Wer ist der Chill Report"},{"@type":"WebSite","@id":"https:\/\/thechillreport.com\/en\/#website","url":"https:\/\/thechillreport.com\/en\/","name":"The Chill Report","description":"Worldclass instead of mass.","potentialAction":[{"@type":"SearchAction","target":{"@type":"EntryPoint","urlTemplate":"https:\/\/thechillreport.com\/en\/?s={search_term_string}"},"query-input":{"@type":"PropertyValueSpecification","valueRequired":true,"valueName":"search_term_string"}}],"inLanguage":"en-US"}]}},"_links":{"self":[{"href":"https:\/\/thechillreport.com\/en\/wp-json\/wp\/v2\/pages\/13570","targetHints":{"allow":["GET"]}}],"collection":[{"href":"https:\/\/thechillreport.com\/en\/wp-json\/wp\/v2\/pages"}],"about":[{"href":"https:\/\/thechillreport.com\/en\/wp-json\/wp\/v2\/types\/page"}],"author":[{"embeddable":true,"href":"https:\/\/thechillreport.com\/en\/wp-json\/wp\/v2\/users\/14"}],"replies":[{"embeddable":true,"href":"https:\/\/thechillreport.com\/en\/wp-json\/wp\/v2\/comments?post=13570"}],"version-history":[{"count":1,"href":"https:\/\/thechillreport.com\/en\/wp-json\/wp\/v2\/pages\/13570\/revisions"}],"predecessor-version":[{"id":46216,"href":"https:\/\/thechillreport.com\/en\/wp-json\/wp\/v2\/pages\/13570\/revisions\/46216"}],"wp:featuredmedia":[{"embeddable":true,"href":"https:\/\/thechillreport.com\/en\/wp-json\/wp\/v2\/media\/9121"}],"wp:attachment":[{"href":"https:\/\/thechillreport.com\/en\/wp-json\/wp\/v2\/media?parent=13570"}],"curies":[{"name":"wp","href":"https:\/\/api.w.org\/{rel}","templated":true}]}}